{"id":4792,"date":"2025-09-29T14:29:46","date_gmt":"2025-09-29T14:29:46","guid":{"rendered":"https:\/\/sodafumigaciones.com\/?page_id=4792"},"modified":"2025-09-29T14:29:47","modified_gmt":"2025-09-29T14:29:47","slug":"zonas-y-cobertura-de-fumigacion-en-medellin-y-oriente-antioqueno","status":"publish","type":"page","link":"https:\/\/sodafumigaciones.com\/index.php\/zonas-y-cobertura-de-fumigacion-en-medellin-y-oriente-antioqueno\/","title":{"rendered":"Zonas y Cobertura de Fumigaci\u00f3n en Medell\u00edn y Oriente Antioque\u00f1o"},"content":{"rendered":"","protected":false},"excerpt":{"rendered":"","protected":false},"author":2,"featured_media":0,"parent":0,"menu_order":0,"comment_status":"closed","ping_status":"closed","template":"","meta":{"om_disable_all_campaigns":false,"_monsterinsights_skip_tracking":false,"_monsterinsights_sitenote_active":false,"_monsterinsights_sitenote_note":"","_monsterinsights_sitenote_category":0},"_links":{"self":[{"href":"https:\/\/sodafumigaciones.com\/index.php\/wp-json\/wp\/v2\/pages\/4792"}],"collection":[{"href":"https:\/\/sodafumigaciones.com\/index.php\/wp-json\/wp\/v2\/pages"}],"about":[{"href":"https:\/\/sodafumigaciones.com\/index.php\/wp-json\/wp\/v2\/types\/page"}],"author":[{"embeddable":true,"href":"https:\/\/sodafumigaciones.com\/index.php\/wp-json\/wp\/v2\/users\/2"}],"replies":[{"embeddable":true,"href":"https:\/\/sodafumigaciones.com\/index.php\/wp-json\/wp\/v2\/comments?post=4792"}],"version-history":[{"count":1,"href":"https:\/\/sodafumigaciones.com\/index.php\/wp-json\/wp\/v2\/pages\/4792\/revisions"}],"predecessor-version":[{"id":4793,"href":"https:\/\/sodafumigaciones.com\/index.php\/wp-json\/wp\/v2\/pages\/4792\/revisions\/4793"}],"wp:attachment":[{"href":"https:\/\/sodafumigaciones.com\/index.php\/wp-json\/wp\/v2\/media?parent=4792"}],"curies":[{"name":"wp","href":"https:\/\/api.w.org\/{rel}","templated":true}]}}