{"id":4780,"date":"2025-09-23T16:18:20","date_gmt":"2025-09-23T16:18:20","guid":{"rendered":"https:\/\/sodafumigaciones.com\/?page_id=4780"},"modified":"2025-09-23T19:51:52","modified_gmt":"2025-09-23T19:51:52","slug":"planes-y-precios","status":"publish","type":"page","link":"https:\/\/sodafumigaciones.com\/index.php\/planes-y-precios\/","title":{"rendered":"Planes y Precios"},"content":{"rendered":"<p>[vc_row][vc_column width=&#8221;1\/2&#8243;][vc_custom_heading title_font_size=&#8221;fs60&#8243; text=&#8221;Planes y precios de Fumigaci\u00f3n en Medell\u00edn y Oriente Antioque\u00f1o&#8221; font_container=&#8221;tag:h1|text_align:left&#8221; google_fonts=&#8221;font_family:Montserrat%3Aregular%2C700|font_style:700%20bold%20regular%3A700%3Anormal&#8221;][\/vc_column][vc_column width=&#8221;1\/2&#8243;][vc_empty_space height=&#8221;70px&#8221;][vc_single_image image=&#8221;4708&#8243; img_size=&#8221;1000&#215;1000&#8243; alignment=&#8221;center&#8221; style=&#8221;vc_box_shadow_3d&#8221; css_animation=&#8221;none&#8221;][\/vc_column][\/vc_row][vc_row][vc_column][vc_column_text]<\/p>\n<p data-start=\"315\" data-end=\"685\">En <strong data-start=\"318\" data-end=\"339\">Soda Fumigaciones<\/strong> sabemos lo importante que es mantener un ambiente libre de plagas, por eso dise\u00f1amos <strong data-start=\"425\" data-end=\"473\">planes de fumigaci\u00f3n para tu vivienda o empresa<\/strong> que se adaptan a cada necesidad. Ofrecemos cobertura en <strong data-start=\"530\" data-end=\"566\">Medell\u00edn y el Oriente Antioque\u00f1o<\/strong>, con soluciones confiables, seguras y efectivas para garantizar la tranquilidad de tu familia, empleados o clientes.<\/p>\n<p data-start=\"687\" data-end=\"995\">Nuestros planes incluyen desde el <strong data-start=\"721\" data-end=\"739\">servicio \u00fanico<\/strong>, recomendado para quienes requieren una intervenci\u00f3n puntual, hasta el <strong data-start=\"811\" data-end=\"825\">plan tranquilidad<\/strong>, que contempla 3 visitas programadas durante el a\u00f1o para asegurar un control preventivo y continuo de plagas como cucarachas, hormigas, roedores, mosquitos y m\u00e1s.<\/p>\n<p data-start=\"997\" data-end=\"1226\">Cada servicio es realizado por personal experto, utilizando productos certificados que no representan riesgos para la salud ni para el medio ambiente. De esta manera, garantizamos resultados efectivos y una protecci\u00f3n duradera.<\/p>\n<p data-start=\"1228\" data-end=\"1485\">Con Soda Fumigaciones no solo eliges un servicio de fumigaci\u00f3n, eliges la tranquilidad de contar con un aliado confiable en el manejo de plagas en <strong data-start=\"1375\" data-end=\"1449\">Medell\u00edn, Rionegro, La Ceja, El Retiro, Marinilla, Guarne, Llanogrande<\/strong> y todo el <strong data-start=\"1460\" data-end=\"1482\">Oriente Antioque\u00f1o<\/strong>.<\/p>\n<p>[\/vc_column_text][\/vc_column][\/vc_row][vc_row][vc_column][vc_custom_heading title_font_size=&#8221;fs25&#8243; text=&#8221;Nuestros planes de fumigaci\u00f3n para tu hogar o empresa&#8221; font_container=&#8221;tag:h2|text_align:center&#8221; google_fonts=&#8221;font_family:Montserrat%3Aregular%2C700|font_style:700%20bold%20regular%3A700%3Anormal&#8221;][vc_column_text]<\/p>\n<p data-start=\"282\" data-end=\"584\">En <strong data-start=\"285\" data-end=\"306\">Soda Fumigaciones<\/strong> ofrecemos planes de fumigaci\u00f3n flexibles y pensados para las necesidades de cada cliente en <strong data-start=\"399\" data-end=\"435\">Medell\u00edn y el Oriente Antioque\u00f1o<\/strong>. Sabemos que cada espacio es diferente, por eso dise\u00f1amos soluciones que garantizan un control efectivo de plagas en hogares, empresas y negocios.<\/p>\n<p data-start=\"586\" data-end=\"952\">Nuestros <strong data-start=\"595\" data-end=\"619\">planes de fumigaci\u00f3n<\/strong> est\u00e1n creados para brindarte tranquilidad, con opciones como el <strong data-start=\"684\" data-end=\"698\">plan tranquilidad<\/strong>, que incluye 3 servicios programados durante el a\u00f1o, y el <strong data-start=\"762\" data-end=\"780\">servicio \u00fanico<\/strong>, ideal para quienes requieren una soluci\u00f3n puntual. De esta manera puedes elegir la alternativa que mejor se ajuste a tu presupuesto y al nivel de protecci\u00f3n que buscas.<\/p>\n<p data-start=\"954\" data-end=\"1127\">Adem\u00e1s, todos nuestros tratamientos utilizan productos certificados, seguros para tu familia, mascotas y el medio ambiente, asegurando resultados duraderos y con garant\u00eda.<\/p>\n<p data-start=\"1129\" data-end=\"1372\">Con <strong data-start=\"1133\" data-end=\"1154\">Soda Fumigaciones<\/strong> tendr\u00e1s la confianza de contar con un servicio profesional, atenci\u00f3n personalizada y cobertura completa en <strong data-start=\"1262\" data-end=\"1336\">Medell\u00edn, Rionegro, La Ceja, El Retiro, Guarne, Marinilla, Llanogrande<\/strong> y todo el <strong data-start=\"1347\" data-end=\"1369\">Oriente Antioque\u00f1o<\/strong>.<\/p>\n<p>[\/vc_column_text][vc_row_inner][vc_column_inner][\/vc_column_inner][\/vc_row_inner][\/vc_column][\/vc_row][vc_row][vc_column width=&#8221;1\/4&#8243;][\/vc_column][vc_column width=&#8221;1\/4&#8243;][vc_custom_heading title_font_size=&#8221;fs20&#8243; text=&#8221;Plan Tranquilidad&#8221; font_container=&#8221;tag:h3|text_align:center&#8221; google_fonts=&#8221;font_family:Montserrat%3Aregular%2C700|font_style:700%20bold%20regular%3A700%3Anormal&#8221;][vc_row_inner][vc_column_inner][vc_column_text]<\/p>\n<p style=\"text-align: center;\" data-start=\"790\" data-end=\"926\">El <strong data-start=\"793\" data-end=\"814\">Plan Tranquilidad<\/strong> est\u00e1 pensado para quienes desean mantener sus espacios protegidos durante todo el a\u00f1o. Cada servicio incluye:<\/p>\n<p style=\"text-align: center;\" data-start=\"930\" data-end=\"1018\"><strong data-start=\"930\" data-end=\"952\">Inspecci\u00f3n inicial<\/strong> de la vivienda o empresa para identificar focos de infestaci\u00f3n.<\/p>\n<p style=\"text-align: center;\" data-start=\"1021\" data-end=\"1141\"><strong data-start=\"1021\" data-end=\"1058\">Aplicaci\u00f3n de fumigaci\u00f3n integral<\/strong> con productos certificados, seguros para personas, mascotas y el medio ambiente.<\/p>\n<p style=\"text-align: center;\" data-start=\"1144\" data-end=\"1250\"><strong data-start=\"1144\" data-end=\"1173\">Control de plagas comunes<\/strong> como cucarachas, hormigas, moscas, mosquitos, pulgas, chinches y roedores.<\/p>\n<p style=\"text-align: center;\" data-start=\"1253\" data-end=\"1340\"><strong data-start=\"1253\" data-end=\"1279\">Asesor\u00eda de prevenci\u00f3n<\/strong>, con recomendaciones para evitar la reaparici\u00f3n de plagas.<\/p>\n<p style=\"text-align: center;\" data-start=\"1343\" data-end=\"1403\"><strong data-start=\"1343\" data-end=\"1367\">Garant\u00eda de servicio<\/strong>, con seguimiento si es necesario.<\/p>\n<p style=\"text-align: center;\" data-start=\"1405\" data-end=\"1514\">Se realizan <strong data-start=\"1420\" data-end=\"1445\">3 fumigaciones al a\u00f1o<\/strong>, programadas cada 4 meses para garantizar la protecci\u00f3n constante<\/p>\n<p>[\/vc_column_text][\/vc_column_inner][\/vc_row_inner][\/vc_column][vc_column width=&#8221;1\/4&#8243;][vc_custom_heading title_font_size=&#8221;fs20&#8243; text=&#8221;Plan Tranquilidad&#8221; font_container=&#8221;tag:h3|text_align:center&#8221; google_fonts=&#8221;font_family:Montserrat%3Aregular%2C700|font_style:700%20bold%20regular%3A700%3Anormal&#8221;][vc_row_inner][vc_column_inner][vc_column_text]<\/p>\n<p style=\"text-align: center;\" data-start=\"1561\" data-end=\"1661\">El <strong data-start=\"1564\" data-end=\"1582\">Servicio \u00danico<\/strong> es ideal para quienes requieren una fumigaci\u00f3n puntual o inmediata. Incluye:<\/p>\n<p style=\"text-align: center;\" data-start=\"1665\" data-end=\"1732\"><strong data-start=\"1665\" data-end=\"1690\">Diagn\u00f3stico del lugar<\/strong> para conocer la extensi\u00f3n del problema.<\/p>\n<p style=\"text-align: center;\" data-start=\"1735\" data-end=\"1817\"><strong data-start=\"1735\" data-end=\"1763\">Aplicaci\u00f3n especializada<\/strong> para atacar la plaga que afecta tu vivienda o negocio.<\/p>\n<p style=\"text-align: center;\" data-start=\"1820\" data-end=\"1879\"><strong data-start=\"1820\" data-end=\"1862\">Cobertura de \u00e1reas internas y externas<\/strong> seg\u00fan el caso.<\/p>\n<p style=\"text-align: center;\" data-start=\"1882\" data-end=\"1963\"><strong data-start=\"1882\" data-end=\"1922\">Productos profesionales certificados<\/strong> que eliminan de ra\u00edz la plaga tratada.<\/p>\n<p style=\"text-align: center;\" data-start=\"1966\" data-end=\"2057\"><strong data-start=\"1966\" data-end=\"1995\">Recomendaciones pr\u00e1cticas<\/strong> para mantener los espacios protegidos despu\u00e9s del servicio.<\/p>\n<p style=\"text-align: center;\" data-start=\"2059\" data-end=\"2152\">Una soluci\u00f3n r\u00e1pida y efectiva para emergencias o necesidades espec\u00edficas de fumigaci\u00f3n.<\/p>\n<p>[\/vc_column_text][\/vc_column_inner][\/vc_row_inner][\/vc_column][vc_column width=&#8221;1\/4&#8243;][\/vc_column][\/vc_row][vc_row][vc_column][vc_separator][vc_custom_heading title_font_size=&#8221;fs25&#8243; text=&#8221;\u00bfPor qu\u00e9 elegir Soda Fumigaciones?&#8221; font_container=&#8221;tag:h2|text_align:center&#8221; google_fonts=&#8221;font_family:Montserrat%3Aregular%2C700|font_style:700%20bold%20regular%3A700%3Anormal&#8221;][\/vc_column][\/vc_row][vc_row][vc_column][vc_column_text]<\/p>\n<p data-start=\"272\" data-end=\"689\">En <strong data-start=\"275\" data-end=\"296\">Soda Fumigaciones<\/strong> nos destacamos por ofrecer un servicio profesional, seguro y garantizado en el control de plagas para hogares y empresas en <strong data-start=\"421\" data-end=\"457\">Medell\u00edn y el Oriente Antioque\u00f1o<\/strong>. Nuestros planes de fumigaci\u00f3n est\u00e1n dise\u00f1ados para adaptarse a tus necesidades, con productos certificados, atenci\u00f3n personalizada y cobertura en municipios como <strong data-start=\"621\" data-end=\"686\">Rionegro, La Ceja, El Retiro, Guarne, Marinilla y Llanogrande<\/strong>.<\/p>\n<p data-start=\"691\" data-end=\"927\">Si buscas experiencia, efectividad y un equipo comprometido con tu tranquilidad, somos tu mejor opci\u00f3n.<br data-start=\"794\" data-end=\"797\" \/><strong data-start=\"800\" data-end=\"825\">Cont\u00e1ctanos hoy mismo<\/strong> y recibe la asesor\u00eda que necesitas para elegir el plan de fumigaci\u00f3n ideal para tu vivienda o empresa.<\/p>\n<p>[\/vc_column_text][\/vc_column][\/vc_row]<\/p>\n","protected":false},"excerpt":{"rendered":"<p>[vc_row][vc_column width=&#8221;1\/2&#8243;][vc_custom_heading title_font_size=&#8221;fs60&#8243; text=&#8221;Planes y precios de Fumigaci\u00f3n en Medell\u00edn y Oriente Antioque\u00f1o&#8221; font_container=&#8221;tag:h1|text_align:left&#8221; google_fonts=&#8221;font_family:Montserrat%3Aregular%2C700|font_style:700%20bold%20regular%3A700%3Anormal&#8221;][\/vc_column][vc_column width=&#8221;1\/2&#8243;][vc_empty_space height=&#8221;70px&#8221;][vc_single_image image=&#8221;4708&#8243; img_size=&#8221;1000&#215;1000&#8243; alignment=&#8221;center&#8221; style=&#8221;vc_box_shadow_3d&#8221; css_animation=&#8221;none&#8221;][\/vc_column][\/vc_row][vc_row][vc_column][vc_column_text] En Soda Fumigaciones sabemos lo importante que es mantener un ambiente libre de plagas, por eso dise\u00f1amos planes de fumigaci\u00f3n para tu vivienda o empresa que se adaptan a cada necesidad. Ofrecemos cobertura<a href=\"https:\/\/sodafumigaciones.com\/index.php\/planes-y-precios\/\" class=\"more-link\">Leer M\u00e1s<\/a><\/p>\n","protected":false},"author":2,"featured_media":0,"parent":0,"menu_order":0,"comment_status":"closed","ping_status":"closed","template":"","meta":{"om_disable_all_campaigns":false,"_monsterinsights_skip_tracking":false,"_monsterinsights_sitenote_active":false,"_monsterinsights_sitenote_note":"","_monsterinsights_sitenote_category":0},"_links":{"self":[{"href":"https:\/\/sodafumigaciones.com\/index.php\/wp-json\/wp\/v2\/pages\/4780"}],"collection":[{"href":"https:\/\/sodafumigaciones.com\/index.php\/wp-json\/wp\/v2\/pages"}],"about":[{"href":"https:\/\/sodafumigaciones.com\/index.php\/wp-json\/wp\/v2\/types\/page"}],"author":[{"embeddable":true,"href":"https:\/\/sodafumigaciones.com\/index.php\/wp-json\/wp\/v2\/users\/2"}],"replies":[{"embeddable":true,"href":"https:\/\/sodafumigaciones.com\/index.php\/wp-json\/wp\/v2\/comments?post=4780"}],"version-history":[{"count":8,"href":"https:\/\/sodafumigaciones.com\/index.php\/wp-json\/wp\/v2\/pages\/4780\/revisions"}],"predecessor-version":[{"id":4788,"href":"https:\/\/sodafumigaciones.com\/index.php\/wp-json\/wp\/v2\/pages\/4780\/revisions\/4788"}],"wp:attachment":[{"href":"https:\/\/sodafumigaciones.com\/index.php\/wp-json\/wp\/v2\/media?parent=4780"}],"curies":[{"name":"wp","href":"https:\/\/api.w.org\/{rel}","templated":true}]}}